{"id":254,"date":"2025-11-17T14:13:56","date_gmt":"2025-11-17T13:13:56","guid":{"rendered":"https:\/\/www.movemix-bike.de\/?page_id=254"},"modified":"2025-11-17T14:33:52","modified_gmt":"2025-11-17T13:33:52","slug":"partner","status":"publish","type":"page","link":"https:\/\/www.movemix-bike.de\/de\/partner\/","title":{"rendered":"Partner"},"content":{"rendered":"<div class=\"wpb-content-wrapper\"><p>[vc_row][vc_column][vc_column_text css=&#8220;&#8220;]<\/p>\n<h1 style=\"text-align: center;\">Partner<\/h1>\n<h4 style=\"text-align: center;\">Abo-Vorteil der HAVAG<\/h4>\n<p style=\"text-align: center;\">F\u00fcr alle Kund*innen, die ihr Deutschlandticket, MDV-<span class=\"acronym-highlight\">ABO<\/span> oder Jobticket bei der HAVAG abgeschlossen<\/p>\n<p>[\/vc_column_text][\/vc_column][\/vc_row][vc_row ppi_row_padding=&#8220;ppi_remove_padding_top&#8220;][vc_column width=&#8220;1\/6&#8243;][vc_icon icon_fontawesome=&#8220;fas fa-link&#8220; color=&#8220;custom&#8220; size=&#8220;lg&#8220; css=&#8220;&#8220; custom_color=&#8220;#748125&#8243;][\/vc_column][vc_column width=&#8220;5\/6&#8243;][vc_tta_accordion active_section=&#8220;0&#8243; collapsible_all=&#8220;true&#8220; title=&#8220;Verkn\u00fcpfung&#8220;][vc_tta_section title=&#8220;So geht&#8217;s&#8220; tab_id=&#8220;sogehts&#8220;][vc_column_text css=&#8220;&#8220;]<\/p>\n<p data-renderer-start-pos=\"143\">Um den Vorteil nutzen zu k\u00f6nnen, muss der Weitergabe der pers\u00f6nlichen HAVAG-Abonummer an nextbike aktiv zugestimmt werden. Bei Abo-Neuabschl\u00fcssen erfolgt die Zustimmung w\u00e4hrend der Vertragsanlage \u00fcber ABO-Online oder im HAVAG-Servicecenter, bei Bestandsvertr\u00e4gen aktiv durch die Nutzer*innen per E-Mail an <a class=\"_ymio1r31 _ypr0glyw _zcxs1o36 _mizu194a _1ah3dkaa _ra3xnqa1 _128mdkaa _1cvmnqa1 _4davt94y _4bfu18uv _1hms8stv _ajmmnqa1 _vchhusvi _kqswh2mm _syaz13af _ect41gqc _1a3b18uv _4fpr8stv _5goinqa1 _f8pj13af _9oik18uv _1bnxglyw _jf4cnqa1 _30l313af _1nrm18uv _c2waglyw _1iohnqa1 _9h8h12zz _10531ra0 _1ien1ra0 _n0fx1ra0 _1vhv17z1\" title=\"mailto:abo@havag.com\" href=\"mailto:abo@havag.com\" data-renderer-mark=\"true\">abo@havag.com<\/a>. Die Bearbeitung erfolgt montags bis freitags innerhalb von maximal drei Arbeitstagen.<\/p>\n<p data-renderer-start-pos=\"786\">Anschlie\u00dfend im Wallet der nextbike App unter Partner-Vorteil &#8222;HAVAG Abo-Kund*innen&#8220; w\u00e4hlen und Abo-Nummer eingeben. Die Verkn\u00fcpfung erfolgt und es kann direkt kostenfrei losgeradelt werden.<\/p>\n<p>[\/vc_column_text][\/vc_tta_section][\/vc_tta_accordion][\/vc_column][\/vc_row][vc_row ppi_row_padding=&#8220;ppi_remove_padding_top&#8220;][vc_column width=&#8220;1\/6&#8243;][vc_icon icon_fontawesome=&#8220;fas fa-tags&#8220; color=&#8220;custom&#8220; size=&#8220;lg&#8220; css=&#8220;&#8220; custom_color=&#8220;#748125&#8243;][\/vc_column][vc_column width=&#8220;5\/6&#8243;][vc_tta_accordion active_section=&#8220;0&#8243; collapsible_all=&#8220;true&#8220; title=&#8220;Konditionen&#8220;][vc_tta_section title=&#8220;Radel g\u00fcnstiger&#8220; tab_id=&#8220;konditionen&#8220;][vc_column_text css=&#8220;&#8220;]Alle Abokund*innen der HAVAG ab 18 Jahren, die ihr Deutschlandticket, MDV-ABO oder Jobticket bei der HAVAG abgeschlossen haben, erhalten <strong>30 Freiminuten pro Ausleihe<\/strong> eines klassischen <strong>move<\/strong>mix_<strong>bikes. <\/strong>Der Vorteil gilt nur f\u00fcr das erste Rad, sollten mehrere parallel geliehen werden. E-Bikes und Cargobikes sind von der Verg\u00fcnstigung ausgeschlossen.[\/vc_column_text][\/vc_tta_section][\/vc_tta_accordion][\/vc_column][\/vc_row][vc_row ppi_row_padding=&#8220;ppi_remove_padding_top&#8220; disable_element=&#8220;yes&#8220;][vc_column width=&#8220;1\/6&#8243;][vc_icon icon_fontawesome=&#8220;fas fa-certificate&#8220; color=&#8220;custom&#8220; size=&#8220;lg&#8220; css=&#8220;&#8220; custom_color=&#8220;#748125&#8243;][\/vc_column][vc_column width=&#8220;5\/6&#8243;][vc_tta_accordion active_section=&#8220;0&#8243; collapsible_all=&#8220;true&#8220; title=&#8220;G\u00fcltigkeit&#8220;][vc_tta_section title=&#8220;Wie lange gelten die Sonderkonditionen?&#8220; tab_id=&#8220;reverifizierung&#8220;][vc_column_text css=&#8220;&#8220;]<\/p>\n<div class=\"col-xs-12 col-sm-12 col-md-4 small-padding-md\">\n<div class=\"row\">\n<div class=\"col-xs-12 col-sm-12 text-center\">\n<p style=\"text-align: left;\">Du wirst mind. einmal pro Jahr von uns per Email aufgefordert, deinen Studi-Status zu re-verifizieren, um weiterhin vom CAMPUSbike-Vorteil zu profitieren.<\/p>\n<\/div>\n<\/div>\n<\/div>\n<p>[\/vc_column_text][\/vc_tta_section][\/vc_tta_accordion][\/vc_column][\/vc_row]<\/p>\n<\/div>","protected":false},"excerpt":{"rendered":"<p>[vc_row][vc_column][vc_column_text css=&#8220;&#8220;] Partner Abo-Vorteil der HAVAG F\u00fcr alle Kund*innen, die ihr Deutschlandticket, MDV-ABO oder Jobticket bei der HAVAG abgeschlossen [\/vc_column_text][\/vc_column][\/vc_row][vc_row ppi_row_padding=&#8220;ppi_remove_padding_top&#8220;][vc_column width=&#8220;1\/6&#8243;][vc_icon icon_fontawesome=&#8220;fas fa-link&#8220; color=&#8220;custom&#8220; size=&#8220;lg&#8220; css=&#8220;&#8220; custom_color=&#8220;#748125&#8243;][\/vc_column][vc_column width=&#8220;5\/6&#8243;][vc_tta_accordion active_section=&#8220;0&#8243; collapsible_all=&#8220;true&#8220; title=&#8220;Verkn\u00fcpfung&#8220;][vc_tta_section title=&#8220;So geht&#8217;s&#8220; tab_id=&#8220;sogehts&#8220;][vc_column_text css=&#8220;&#8220;] Um den Vorteil nutzen zu k\u00f6nnen, muss der Weitergabe der pers\u00f6nlichen HAVAG-Abonummer an nextbike aktiv zugestimmt werden. Bei Abo-Neuabschl\u00fcssen [&hellip;]<\/p>\n","protected":false},"author":13,"featured_media":0,"parent":0,"menu_order":0,"comment_status":"closed","ping_status":"closed","template":"page-bubble.php","meta":{"_acf_changed":false,"inline_featured_image":false,"footnotes":""},"class_list":["post-254","page","type-page","status-publish","hentry"],"acf":[],"yoast_head":"<!-- This site is optimized with the Yoast SEO plugin v27.2 - https:\/\/yoast.com\/product\/yoast-seo-wordpress\/ -->\n<title>Partner<\/title>\n<meta name=\"description\" content=\"Kund*innen, die ihr Deutschlandticket, MDV-ABO oder Jobticket bei der HAVAG abgeschlossen haben, erhalten 30 Freiminuten pro Ausleihe.\" \/>\n<meta name=\"robots\" content=\"index, follow, max-snippet:-1, max-image-preview:large, max-video-preview:-1\" \/>\n<link rel=\"canonical\" href=\"https:\/\/www.movemix-bike.de\/de\/partner\/\" \/>\n<meta property=\"og:locale\" content=\"de_DE\" \/>\n<meta property=\"og:type\" content=\"article\" \/>\n<meta property=\"og:title\" content=\"Partner\" \/>\n<meta property=\"og:description\" content=\"Kund*innen, die ihr Deutschlandticket, MDV-ABO oder Jobticket bei der HAVAG abgeschlossen haben, erhalten 30 Freiminuten pro Ausleihe.\" \/>\n<meta property=\"og:url\" content=\"https:\/\/www.movemix-bike.de\/de\/partner\/\" \/>\n<meta property=\"og:site_name\" content=\"Movemix-Bike\" \/>\n<meta property=\"article:modified_time\" content=\"2025-11-17T13:33:52+00:00\" \/>\n<meta name=\"twitter:card\" content=\"summary_large_image\" \/>\n<meta name=\"twitter:label1\" content=\"Gesch\u00e4tzte Lesezeit\" \/>\n\t<meta name=\"twitter:data1\" content=\"1\u00a0Minute\" \/>\n<script type=\"application\/ld+json\" class=\"yoast-schema-graph\">{\"@context\":\"https:\/\/schema.org\",\"@graph\":[{\"@type\":\"WebPage\",\"@id\":\"https:\/\/www.movemix-bike.de\/de\/partner\/\",\"url\":\"https:\/\/www.movemix-bike.de\/de\/partner\/\",\"name\":\"Partner\",\"isPartOf\":{\"@id\":\"https:\/\/www.movemix-bike.de\/de\/#website\"},\"datePublished\":\"2025-11-17T13:13:56+00:00\",\"dateModified\":\"2025-11-17T13:33:52+00:00\",\"description\":\"Kund*innen, die ihr Deutschlandticket, MDV-ABO oder Jobticket bei der HAVAG abgeschlossen haben, erhalten 30 Freiminuten pro Ausleihe.\",\"breadcrumb\":{\"@id\":\"https:\/\/www.movemix-bike.de\/de\/partner\/#breadcrumb\"},\"inLanguage\":\"de\",\"potentialAction\":[{\"@type\":\"ReadAction\",\"target\":[\"https:\/\/www.movemix-bike.de\/de\/partner\/\"]}]},{\"@type\":\"BreadcrumbList\",\"@id\":\"https:\/\/www.movemix-bike.de\/de\/partner\/#breadcrumb\",\"itemListElement\":[{\"@type\":\"ListItem\",\"position\":1,\"name\":\"Startseite\",\"item\":\"https:\/\/www.movemix-bike.de\/de\/\"},{\"@type\":\"ListItem\",\"position\":2,\"name\":\"Partner\"}]},{\"@type\":\"WebSite\",\"@id\":\"https:\/\/www.movemix-bike.de\/de\/#website\",\"url\":\"https:\/\/www.movemix-bike.de\/de\/\",\"name\":\"Movemix-Bike\",\"description\":\"Bike Sharing by nextbike by TIER\",\"potentialAction\":[{\"@type\":\"SearchAction\",\"target\":{\"@type\":\"EntryPoint\",\"urlTemplate\":\"https:\/\/www.movemix-bike.de\/de\/?s={search_term_string}\"},\"query-input\":{\"@type\":\"PropertyValueSpecification\",\"valueRequired\":true,\"valueName\":\"search_term_string\"}}],\"inLanguage\":\"de\"}]}<\/script>\n<!-- \/ Yoast SEO plugin. -->","yoast_head_json":{"title":"Partner","description":"Kund*innen, die ihr Deutschlandticket, MDV-ABO oder Jobticket bei der HAVAG abgeschlossen haben, erhalten 30 Freiminuten pro Ausleihe.","robots":{"index":"index","follow":"follow","max-snippet":"max-snippet:-1","max-image-preview":"max-image-preview:large","max-video-preview":"max-video-preview:-1"},"canonical":"https:\/\/www.movemix-bike.de\/de\/partner\/","og_locale":"de_DE","og_type":"article","og_title":"Partner","og_description":"Kund*innen, die ihr Deutschlandticket, MDV-ABO oder Jobticket bei der HAVAG abgeschlossen haben, erhalten 30 Freiminuten pro Ausleihe.","og_url":"https:\/\/www.movemix-bike.de\/de\/partner\/","og_site_name":"Movemix-Bike","article_modified_time":"2025-11-17T13:33:52+00:00","twitter_card":"summary_large_image","twitter_misc":{"Gesch\u00e4tzte Lesezeit":"1\u00a0Minute"},"schema":{"@context":"https:\/\/schema.org","@graph":[{"@type":"WebPage","@id":"https:\/\/www.movemix-bike.de\/de\/partner\/","url":"https:\/\/www.movemix-bike.de\/de\/partner\/","name":"Partner","isPartOf":{"@id":"https:\/\/www.movemix-bike.de\/de\/#website"},"datePublished":"2025-11-17T13:13:56+00:00","dateModified":"2025-11-17T13:33:52+00:00","description":"Kund*innen, die ihr Deutschlandticket, MDV-ABO oder Jobticket bei der HAVAG abgeschlossen haben, erhalten 30 Freiminuten pro Ausleihe.","breadcrumb":{"@id":"https:\/\/www.movemix-bike.de\/de\/partner\/#breadcrumb"},"inLanguage":"de","potentialAction":[{"@type":"ReadAction","target":["https:\/\/www.movemix-bike.de\/de\/partner\/"]}]},{"@type":"BreadcrumbList","@id":"https:\/\/www.movemix-bike.de\/de\/partner\/#breadcrumb","itemListElement":[{"@type":"ListItem","position":1,"name":"Startseite","item":"https:\/\/www.movemix-bike.de\/de\/"},{"@type":"ListItem","position":2,"name":"Partner"}]},{"@type":"WebSite","@id":"https:\/\/www.movemix-bike.de\/de\/#website","url":"https:\/\/www.movemix-bike.de\/de\/","name":"Movemix-Bike","description":"Bike Sharing by nextbike by TIER","potentialAction":[{"@type":"SearchAction","target":{"@type":"EntryPoint","urlTemplate":"https:\/\/www.movemix-bike.de\/de\/?s={search_term_string}"},"query-input":{"@type":"PropertyValueSpecification","valueRequired":true,"valueName":"search_term_string"}}],"inLanguage":"de"}]}},"_links":{"self":[{"href":"https:\/\/www.movemix-bike.de\/de\/wp-json\/wp\/v2\/pages\/254","targetHints":{"allow":["GET"]}}],"collection":[{"href":"https:\/\/www.movemix-bike.de\/de\/wp-json\/wp\/v2\/pages"}],"about":[{"href":"https:\/\/www.movemix-bike.de\/de\/wp-json\/wp\/v2\/types\/page"}],"author":[{"embeddable":true,"href":"https:\/\/www.movemix-bike.de\/de\/wp-json\/wp\/v2\/users\/13"}],"replies":[{"embeddable":true,"href":"https:\/\/www.movemix-bike.de\/de\/wp-json\/wp\/v2\/comments?post=254"}],"version-history":[{"count":2,"href":"https:\/\/www.movemix-bike.de\/de\/wp-json\/wp\/v2\/pages\/254\/revisions"}],"predecessor-version":[{"id":256,"href":"https:\/\/www.movemix-bike.de\/de\/wp-json\/wp\/v2\/pages\/254\/revisions\/256"}],"wp:attachment":[{"href":"https:\/\/www.movemix-bike.de\/de\/wp-json\/wp\/v2\/media?parent=254"}],"curies":[{"name":"wp","href":"https:\/\/api.w.org\/{rel}","templated":true}]}}